{"id":15,"date":"2014-03-17T16:10:01","date_gmt":"2014-03-17T16:10:01","guid":{"rendered":"http:\/\/demo.themegrill.com\/spacious\/?page_id=15"},"modified":"2024-09-11T09:26:08","modified_gmt":"2024-09-11T09:26:08","slug":"responsive-design","status":"publish","type":"page","link":"https:\/\/afterschooladeland.ro\/?page_id=15","title":{"rendered":"Oferta Educationala"},"content":{"rendered":"<p><strong>Oferta educa\u021bional\u0103 valabil\u0103 \u00een anul \u0219colar 2024-2025:<\/strong><br \/>\n\u2764\ufe0fPreluarea elevilor de la \u0219coal\u0103 si transportul acestora la after-school;<br \/>\n\ud83d\udc99Servirea mesei de pr\u00e2nz (include doua feluri de m\u00e2ncare) si a unei gust\u0103ri dup\u0103-amiaz\u0103;<br \/>\n\ud83e\udd0dOdihn\u0103;<br \/>\n\ud83d\udc9cEfectuarea temelor pentru a doua zi;<br \/>\n\ud83d\udc9aLectii suplimentare din manual sau culegeri scolare;<br \/>\n\ud83e\udde1Curs de dezvoltare personal\u0103 cu ajutorul c\u0103ruia copiii invat\u0103 s\u0103 \u00ee\u0219i exprime p\u0103rerile, s\u0103 \u00ee\u0219i recunoasc\u0103 emo\u021biile, s\u0103 gestioneze conflictele, s\u0103 se descopere pe sine \u0219i s\u0103 capete incredere in ei insisi \ud83e\udd70<br \/>\n\ud83e\ude85Atelier de \u0218tiin\u021be\/experimente\ud83e\udd78\ud83d\ude04<br \/>\n\ud83d\udc9bActivit\u0103\u021bi recreative si de \u00eenv\u0103\u021bare incluse in pre\u021b, cu o durata de 30\u2013 40 min fiecare, efectuate in zile diferite:<br \/>\n&#8211; atelier de g\u0103tit<br \/>\n&#8211; atelier de pictur\u0103<br \/>\n&#8211; atelier de robotic\u0103<br \/>\n&#8211; atelier de crea\u021bie<br \/>\n&#8211; club de lectur\u0103 si film<br \/>\n&#8211; atelier de dezvoltare personal\u0103<br \/>\n&#8211; plimb\u0103ri \u0219i jocuri \u00een aer liber<\/p>\n<p>\u2764\ufe0fCursuri op\u021bionale (costuri suplimentare personalizate) &#8211; lista \u0219i pre\u021burile acestora se prezinta la \u00eenceputul anului \u0219colar.<\/p>\n<p>\ud83d\udcabProgramul <strong>Afteschool Adeland<\/strong> este continuu, except\u00e2nd perioada s\u0103rb\u0103torilor de iarn\u0103 \u0219i a celor pascalei.<br \/>\n\ud83d\udcab<strong>Taxa este de 1.640 ron pentru 4 s\u0103pt\u0103m\u00e2ni<\/strong> si se aplica inclusiv in perioada vacan\u021belor<\/p>\n","protected":false},"excerpt":{"rendered":"<p>Prin programele noastre interactive \u0219i variate, \u00eencuraj\u0103m dezvoltarea abilit\u0103\u021bilor sociale, academice \u0219i creative ale fiec\u0103rui copil.  Descoperi\u021bi oferta noastr\u0103 educa\u021bional\u0103 pentru a v\u0103 \u00eenscrie copilul \u00eentr-o c\u0103l\u0103torie a cunoa\u0219terii \u0219i dezvolt\u0103rii la Afterschool Adeland!<\/p>\n","protected":false},"author":1,"featured_media":669,"parent":0,"menu_order":0,"comment_status":"closed","ping_status":"open","template":"","meta":{"footnotes":""},"class_list":["post-15","page","type-page","status-publish","has-post-thumbnail","hentry"],"_links":{"self":[{"href":"https:\/\/afterschooladeland.ro\/index.php?rest_route=\/wp\/v2\/pages\/15","targetHints":{"allow":["GET"]}}],"collection":[{"href":"https:\/\/afterschooladeland.ro\/index.php?rest_route=\/wp\/v2\/pages"}],"about":[{"href":"https:\/\/afterschooladeland.ro\/index.php?rest_route=\/wp\/v2\/types\/page"}],"author":[{"embeddable":true,"href":"https:\/\/afterschooladeland.ro\/index.php?rest_route=\/wp\/v2\/users\/1"}],"replies":[{"embeddable":true,"href":"https:\/\/afterschooladeland.ro\/index.php?rest_route=%2Fwp%2Fv2%2Fcomments&post=15"}],"version-history":[{"count":7,"href":"https:\/\/afterschooladeland.ro\/index.php?rest_route=\/wp\/v2\/pages\/15\/revisions"}],"predecessor-version":[{"id":724,"href":"https:\/\/afterschooladeland.ro\/index.php?rest_route=\/wp\/v2\/pages\/15\/revisions\/724"}],"wp:featuredmedia":[{"embeddable":true,"href":"https:\/\/afterschooladeland.ro\/index.php?rest_route=\/wp\/v2\/media\/669"}],"wp:attachment":[{"href":"https:\/\/afterschooladeland.ro\/index.php?rest_route=%2Fwp%2Fv2%2Fmedia&parent=15"}],"curies":[{"name":"wp","href":"https:\/\/api.w.org\/{rel}","templated":true}]}}