{"id":31,"date":"2014-03-18T11:31:06","date_gmt":"2014-03-18T11:31:06","guid":{"rendered":"http:\/\/demo.themegrill.com\/spacious\/?page_id=31"},"modified":"2024-03-20T08:56:31","modified_gmt":"2024-03-20T08:56:31","slug":"contact-us","status":"publish","type":"page","link":"https:\/\/afterschooladeland.ro\/?page_id=31","title":{"rendered":"Contact Us"},"content":{"rendered":"\n<p>Contacteaz\u0103-ne pentru a afla mai multe despre Afterschool Adeland \u0219i pentru a programa o vizit\u0103 la sediul nostru sau la unul dintre evenimentele noastre! <\/p>\n\n\n\n<p>Echipa noastr\u0103 va fi bucuroas\u0103 s\u0103 r\u0103spund\u0103 \u00eentreb\u0103rilor tale \u0219i s\u0103 te ajute s\u0103 te al\u0103turi comunit\u0103\u021bii noastre de \u00eenv\u0103\u021bare \u0219i dezvoltare a copiilor. <\/p>\n\n\n\n<p>A\u0219tept\u0103m cu ner\u0103bdare s\u0103 te cunoa\u0219tem \u0219i s\u0103 discut\u0103m despre cum putem s\u0103 contribuim \u00eempreun\u0103 la cre\u0219terea \u0219i educa\u021bia copiilor no\u0219tri!<\/p>\n\n\n\n<ul class=\"wp-block-list\">\n<li><strong><em>Adresa:<\/em><\/strong> Bucuresti, Sector6 | Strada Valea furcii nr. 56<\/li>\n\n\n\n<li><strong><em>Telefon:<\/em><\/strong> <strong>\u260e\ufe0f +40724.531.595<\/strong>     <\/li>\n\n\n\n<li><strong><em>Whatsapp<\/em><\/strong><img loading=\"lazy\" decoding=\"async\" width=\"26\" height=\"26\" class=\"wp-image-706\" style=\"width: 26px;\" src=\"http:\/\/afterschooladeland.ro\/wp-content\/uploads\/2024\/03\/WhatsApp_icon-e1710924696938.png\" alt=\"\"><a href=\"https:\/\/wa.me\/40724531595\">click here to chat<\/a><img loading=\"lazy\" decoding=\"async\" width=\"26\" height=\"26\" class=\"wp-image-706\" style=\"width: 26px;\" src=\"http:\/\/afterschooladeland.ro\/wp-content\/uploads\/2024\/03\/WhatsApp_icon-e1710924696938.png\" alt=\"\"><\/li>\n\n\n\n<li><strong><em>Email: <\/em>afterschooladeland@gmail.com<\/strong><\/li>\n<\/ul>\n","protected":false},"excerpt":{"rendered":"<p>Contacteaz\u0103-ne pentru a afla mai multe despre Afterschool Adeland \u0219i pentru a programa o vizit\u0103 la sediul nostru sau la unul dintre evenimentele noastre! Echipa noastr\u0103 va fi bucuroas\u0103 s\u0103 r\u0103spund\u0103 \u00eentreb\u0103rilor tale \u0219i s\u0103 te ajute s\u0103 te al\u0103turi<\/p>\n","protected":false},"author":1,"featured_media":0,"parent":0,"menu_order":0,"comment_status":"open","ping_status":"open","template":"page-templates\/contact.php","meta":{"footnotes":""},"class_list":["post-31","page","type-page","status-publish","hentry"],"_links":{"self":[{"href":"https:\/\/afterschooladeland.ro\/index.php?rest_route=\/wp\/v2\/pages\/31","targetHints":{"allow":["GET"]}}],"collection":[{"href":"https:\/\/afterschooladeland.ro\/index.php?rest_route=\/wp\/v2\/pages"}],"about":[{"href":"https:\/\/afterschooladeland.ro\/index.php?rest_route=\/wp\/v2\/types\/page"}],"author":[{"embeddable":true,"href":"https:\/\/afterschooladeland.ro\/index.php?rest_route=\/wp\/v2\/users\/1"}],"replies":[{"embeddable":true,"href":"https:\/\/afterschooladeland.ro\/index.php?rest_route=%2Fwp%2Fv2%2Fcomments&post=31"}],"version-history":[{"count":7,"href":"https:\/\/afterschooladeland.ro\/index.php?rest_route=\/wp\/v2\/pages\/31\/revisions"}],"predecessor-version":[{"id":711,"href":"https:\/\/afterschooladeland.ro\/index.php?rest_route=\/wp\/v2\/pages\/31\/revisions\/711"}],"wp:attachment":[{"href":"https:\/\/afterschooladeland.ro\/index.php?rest_route=%2Fwp%2Fv2%2Fmedia&parent=31"}],"curies":[{"name":"wp","href":"https:\/\/api.w.org\/{rel}","templated":true}]}}