{"id":672,"date":"2024-03-20T07:31:11","date_gmt":"2024-03-20T07:31:11","guid":{"rendered":"https:\/\/afterschooladeland.ro\/?page_id=672"},"modified":"2024-03-20T08:47:32","modified_gmt":"2024-03-20T08:47:32","slug":"cariere","status":"publish","type":"page","link":"https:\/\/afterschooladeland.ro\/?page_id=672","title":{"rendered":"Cariere"},"content":{"rendered":"\n<p>Descoper\u0103 oportunit\u0103\u021bile de carier\u0103 la Afterschool Adeland \u0219i al\u0103tur\u0103-te unei echipe pasionate de educa\u021bie \u0219i dezvoltare personal\u0103 a copiilor! Suntem mereu \u00een c\u0103utare de profesioni\u0219ti dedicati \u0219i creativi care \u00eemp\u0103rt\u0103\u0219esc viziunea noastr\u0103 \u0219i doresc s\u0103 fac\u0103 o diferen\u021b\u0103 \u00een vie\u021bile copiilor.<\/p>\n\n\n\n<p>La Afterschool Adeland, ne str\u0103duim s\u0103 cre\u0103m un mediu de lucru pozitiv \u0219i stimulativ, unde fiecare membru al echipei este valorizat \u0219i \u00eencurajat s\u0103 \u00ee\u0219i aduc\u0103 contribu\u021bia unic\u0103. Indiferent dac\u0103 ai experien\u021b\u0103 \u00een domeniul educa\u021biei sau e\u0219ti pasionat de munca cu copiii, avem oportunit\u0103\u021bi pentru tine.<\/p>\n\n\n\n<p>Al\u0103tur\u0103-te echipei noastre \u0219i vei avea \u0219ansa s\u0103 contribui la dezvoltarea \u0219i \u00eendrumarea copiilor \u00eentr-un mediu distractiv \u0219i educativ. Beneficiaz\u0103 de oportunit\u0103\u021bi de cre\u0219tere profesional\u0103 \u0219i personal\u0103, sprijinul unei echipe unite \u0219i satisfac\u021bia de a face o diferen\u021b\u0103 \u00een vie\u021bile copiilor \u0219i familiilor lor.<\/p>\n\n\n\n<p>Sun\u0103-ne ast\u0103zi pentru a afla mai multe despre pozi\u021biile disponibile \u0219i pentru a \u00eencepe o nou\u0103 \u0219i incitant\u0103 etap\u0103 \u00een cariera ta la Afterschool Adeland!<\/p>\n\n\n\n<p><strong>Sun\u0103-ne sau scrie-ne la num\u0103rul de telefon \u260e\ufe0f 0724 531 595<\/strong><\/p>\n","protected":false},"excerpt":{"rendered":"<p>Descoper\u0103 oportunit\u0103\u021bile de carier\u0103 la Afterschool Adeland \u0219i al\u0103tur\u0103-te unei echipe pasionate de educa\u021bie \u0219i dezvoltare personal\u0103 a copiilor! Suntem mereu \u00een c\u0103utare de profesioni\u0219ti dedicati \u0219i creativi care \u00eemp\u0103rt\u0103\u0219esc viziunea noastr\u0103 \u0219i doresc s\u0103 fac\u0103 o diferen\u021b\u0103 \u00een vie\u021bile<\/p>\n","protected":false},"author":1,"featured_media":0,"parent":0,"menu_order":0,"comment_status":"closed","ping_status":"closed","template":"","meta":{"footnotes":""},"class_list":["post-672","page","type-page","status-publish","hentry"],"_links":{"self":[{"href":"https:\/\/afterschooladeland.ro\/index.php?rest_route=\/wp\/v2\/pages\/672","targetHints":{"allow":["GET"]}}],"collection":[{"href":"https:\/\/afterschooladeland.ro\/index.php?rest_route=\/wp\/v2\/pages"}],"about":[{"href":"https:\/\/afterschooladeland.ro\/index.php?rest_route=\/wp\/v2\/types\/page"}],"author":[{"embeddable":true,"href":"https:\/\/afterschooladeland.ro\/index.php?rest_route=\/wp\/v2\/users\/1"}],"replies":[{"embeddable":true,"href":"https:\/\/afterschooladeland.ro\/index.php?rest_route=%2Fwp%2Fv2%2Fcomments&post=672"}],"version-history":[{"count":3,"href":"https:\/\/afterschooladeland.ro\/index.php?rest_route=\/wp\/v2\/pages\/672\/revisions"}],"predecessor-version":[{"id":699,"href":"https:\/\/afterschooladeland.ro\/index.php?rest_route=\/wp\/v2\/pages\/672\/revisions\/699"}],"wp:attachment":[{"href":"https:\/\/afterschooladeland.ro\/index.php?rest_route=%2Fwp%2Fv2%2Fmedia&parent=672"}],"curies":[{"name":"wp","href":"https:\/\/api.w.org\/{rel}","templated":true}]}}