{"id":83,"date":"2014-03-21T13:27:36","date_gmt":"2014-03-21T13:27:36","guid":{"rendered":"http:\/\/demo.themegrill.com\/spacious\/?page_id=83"},"modified":"2024-03-20T08:28:06","modified_gmt":"2024-03-20T08:28:06","slug":"recent-work-camera","status":"publish","type":"page","link":"https:\/\/afterschooladeland.ro\/?page_id=83","title":{"rendered":"Locatia noastra"},"content":{"rendered":"<p><strong>Afterschool Adeland<\/strong>, locul unde \u00eenv\u0103\u021barea \u0219i distrac\u021bia se \u00eent\u00e2lnesc \u00een inima Sectorului 6 din Bucure\u0219ti!<\/p>\n<p>Acoperim Drumului Taberei, Ghencea \u0219i Prelungirea Ghencea, fiind centrul activit\u0103\u021bilor pentru copiii \u0219i familiile din aceste cartiere vibrante. Cu o istorie bogat\u0103 \u0219i o comunitate prietenoas\u0103, loca\u021bia noastr\u0103 este un mediu propice pentru dezvoltarea \u0219i cre\u0219terea armonioas\u0103 a fiec\u0103rui copil.<\/p>\n<p>Veni\u021bi s\u0103 ne descoperi\u021bi \u0219i s\u0103 v\u0103 al\u0103tura\u021bi comunit\u0103\u021bii noastre la <strong>Afterschool Adeland!<\/strong><\/p>\n","protected":false},"excerpt":{"rendered":"<p>Afterschool Adeland, locul unde \u00eenv\u0103\u021barea \u0219i distrac\u021bia se \u00eent\u00e2lnesc \u00een inima Sectorului 6 din Bucure\u0219ti! Acoperim Drumului Taberei, Ghencea \u0219i Prelungirea Ghencea, fiind centrul activit\u0103\u021bilor pentru copiii \u0219i familiile din aceste cartiere vibrante. Cu o istorie bogat\u0103 \u0219i o comunitate<\/p>\n","protected":false},"author":1,"featured_media":660,"parent":0,"menu_order":0,"comment_status":"closed","ping_status":"open","template":"","meta":{"footnotes":""},"class_list":["post-83","page","type-page","status-publish","has-post-thumbnail","hentry"],"_links":{"self":[{"href":"https:\/\/afterschooladeland.ro\/index.php?rest_route=\/wp\/v2\/pages\/83","targetHints":{"allow":["GET"]}}],"collection":[{"href":"https:\/\/afterschooladeland.ro\/index.php?rest_route=\/wp\/v2\/pages"}],"about":[{"href":"https:\/\/afterschooladeland.ro\/index.php?rest_route=\/wp\/v2\/types\/page"}],"author":[{"embeddable":true,"href":"https:\/\/afterschooladeland.ro\/index.php?rest_route=\/wp\/v2\/users\/1"}],"replies":[{"embeddable":true,"href":"https:\/\/afterschooladeland.ro\/index.php?rest_route=%2Fwp%2Fv2%2Fcomments&post=83"}],"version-history":[{"count":2,"href":"https:\/\/afterschooladeland.ro\/index.php?rest_route=\/wp\/v2\/pages\/83\/revisions"}],"predecessor-version":[{"id":688,"href":"https:\/\/afterschooladeland.ro\/index.php?rest_route=\/wp\/v2\/pages\/83\/revisions\/688"}],"wp:featuredmedia":[{"embeddable":true,"href":"https:\/\/afterschooladeland.ro\/index.php?rest_route=\/wp\/v2\/media\/660"}],"wp:attachment":[{"href":"https:\/\/afterschooladeland.ro\/index.php?rest_route=%2Fwp%2Fv2%2Fmedia&parent=83"}],"curies":[{"name":"wp","href":"https:\/\/api.w.org\/{rel}","templated":true}]}}